{"id":69,"date":"2024-07-28T02:16:35","date_gmt":"2024-07-28T06:16:35","guid":{"rendered":"https:\/\/industrialsafetywear.ca\/es\/product\/hotsale-mens-high-visibility-reflective-bomber-jacket-refllective-safety-coat-reflective-clothing\/"},"modified":"2024-08-25T15:45:12","modified_gmt":"2024-08-25T19:45:12","slug":"hotsale-mens-high-visibility-reflective-bomber-jacket-refllective-safety-coat-reflective-clothing","status":"publish","type":"product","link":"https:\/\/industrialsafetywear.ca\/es\/producto\/hotsale-mens-high-visibility-reflective-bomber-jacket-refllective-safety-coat-reflective-clothing\/","title":{"rendered":"Chaqueta Bomber Reflectante para Hombre de Alta Visibilidad"},"content":{"rendered":"<div id=\"detail_decorate_root\" data-host=\"336124414\" data-magic-global=\"%7B%22bizId%22%3A2459068696%2C%22pageId%22%3A20145187605%2C%22siteId%22%3A5005239936%7D\" data-id=\"detail_decorate_root\">\n<div class=\"J_module\">\n<div class=\"icbu-pc-images magic-0\">\n<div class=\"flex-layout-v\">\n<div class=\"flex-layout-h magic-0\">\n<div class=\"magic-1\">\n<p>&nbsp;<\/p>\n<map id=\"3-ae-4ca-b367\" name=\"3-ae-4ca-b367\">\n<area coords=\"0,0,756,373\" shape=\"rect\" href=\"https:\/\/wxchemfine.en.alibaba.com\/product\/1600280372640-828927137\/High_Visibility_Security_Uniform_Reflective_Vest_Wholesale_Safety_Vest_Roadway_Safety_Clothes_road_workers_safety_clothing.html\" target=\"_blank\" \/><\/map>\n<\/div>\n<\/div>\n<\/div>\n<\/div>\n<\/div>\n<div class=\"J_module\">\n<div id=\"ali-anchor-AliMagic-h62uzf\" class=\"magic-3\" data-section=\"AliMagic-h62uzf\" data-section-title=\"Product Description\">\n<p><strong>Descripci\u00f3n del Producto<\/strong><\/p>\n<p><strong>Chaqueta Bomber de Alta Visibilidad EN ISO 20471 ANSI\/ISEA Clase 3<\/strong><\/p>\n<p>Chaqueta Bomber acolchada de alta visibilidad en color lima.<\/p>\n<p>Esta chaqueta bomber est\u00e1 dise\u00f1ada para ofrecer una alta visibilidad y seguridad en condiciones de baja luminosidad. Cumple con las normativas EN ISO 20471 y ANSI\/ISEA Clase 3, lo que garantiza una visibilidad \u00f3ptima. Su dise\u00f1o acolchado proporciona confort y protecci\u00f3n adicional contra el fr\u00edo. Ideal para trabajos en ambientes con poca luz o condiciones de visibilidad reducida.<\/p>\n<\/div>\n<\/div>\n<div class=\"J_module\">\n<div class=\"detail-decorate-json-renderer-container\">\n<div class=\"magic-4\">\n<div class=\"magic-9\">\n<div class=\"magic-7\">\n<div class=\"magic-10\"><img decoding=\"async\" class=\"magic-11\" src=\"\/\/sc04.alicdn.com\/kf\/Hf09aa99bd18c49448c91ca6726599f255\/223298606\/Hf09aa99bd18c49448c91ca6726599f255.jpg\" data-id=\"img0\" \/><\/div>\n<\/div>\n<\/div>\n<div class=\"magic-12\">\n<div class=\"magic-7\">\n<div class=\"ife-detail-decorate-table\">\n<table class=\"has-title all magic-13\" data-id=\"table0\">\n<tbody>\n<tr>\n<td colspan=\"1\" rowspan=\"1\">\n<div class=\"magic-14\"><b><span class=\"magic-15\">Style:\u00a0<\/span><\/b><\/div>\n<\/td>\n<td colspan=\"1\" rowspan=\"1\">\n<div class=\"magic-16\">High Visibility Bomber Jacket<\/div>\n<\/td>\n<\/tr>\n<tr>\n<td colspan=\"1\" rowspan=\"1\">\n<div class=\"magic-14\"><b><span class=\"magic-15\" data-spm-anchor-id=\"a2700.pc-decorate.0.i10.2a8d3333itStkW\">Item No.:<\/span><\/b><\/div>\n<\/td>\n<td colspan=\"1\" rowspan=\"1\">\n<div class=\"magic-16\">HVP218<\/div>\n<\/td>\n<\/tr>\n<tr>\n<td colspan=\"1\" rowspan=\"1\">\n<div class=\"magic-14\"><b><span class=\"magic-15\">Material:<\/span><\/b><\/div>\n<\/td>\n<td colspan=\"1\" rowspan=\"1\">\n<div class=\"magic-16\">100% polyester Oxford 300D<\/div>\n<\/td>\n<\/tr>\n<tr>\n<td colspan=\"1\" rowspan=\"1\">\n<div class=\"magic-14\"><b>Feature:<\/b><\/div>\n<\/td>\n<td colspan=\"1\" rowspan=\"1\">\n<div class=\"magic-16\">Warm ,High Visibility, Safety wear\uff0cwaterproof<\/div>\n<\/td>\n<\/tr>\n<tr>\n<td colspan=\"1\" rowspan=\"1\">\n<div class=\"magic-14\"><b><span class=\"magic-15\">Size:<\/span><\/b><\/div>\n<\/td>\n<td colspan=\"1\" rowspan=\"1\">\n<div class=\"magic-16\">S-XXXXL<\/div>\n<\/td>\n<\/tr>\n<tr>\n<td colspan=\"1\" rowspan=\"1\">\n<div class=\"magic-14\"><b>Packing:<\/b><\/div>\n<\/td>\n<td colspan=\"1\" rowspan=\"1\">\n<div class=\"magic-16\">One pc per polybag ,10pcs per carton<\/div>\n<\/td>\n<\/tr>\n<tr>\n<td colspan=\"1\" rowspan=\"1\">\n<div class=\"magic-14\"><b>Carton:<\/b><\/div>\n<\/td>\n<td colspan=\"1\" rowspan=\"1\">\n<div class=\"magic-16\">60*40*34cm<\/div>\n<\/td>\n<\/tr>\n<tr>\n<td colspan=\"1\" rowspan=\"1\">\n<div class=\"magic-14\"><b>G.W carton:<\/b><\/div>\n<\/td>\n<td colspan=\"1\" rowspan=\"1\">\n<div class=\"magic-16\">12kg<\/div>\n<\/td>\n<\/tr>\n<tr>\n<td colspan=\"1\" rowspan=\"1\">\n<div class=\"magic-14\"><b><span class=\"magic-15\">MOQ:\u00a0<\/span><\/b><\/div>\n<\/td>\n<td colspan=\"1\" rowspan=\"1\">\n<div class=\"magic-16\"><span class=\"magic-15\" data-spm-anchor-id=\"a2700.pc-decorate.0.i27.2a8d3333itStkW\">1 PCS<\/span><\/div>\n<\/td>\n<\/tr>\n<tr>\n<td colspan=\"1\" rowspan=\"1\">\n<div class=\"magic-14\"><b><span class=\"magic-15\">LOGO:\u00a0<\/span><\/b><\/div>\n<\/td>\n<td colspan=\"1\" rowspan=\"1\">\n<div class=\"magic-16\">can do customized logo based on MOQ<\/div>\n<\/td>\n<\/tr>\n<\/tbody>\n<\/table>\n<\/div>\n<\/div>\n<\/div>\n<\/div>\n<\/div>\n<\/div>\n<div class=\"J_module\">\n<div class=\"icbu-pc-images magic-0\">\n<div>\n<div class=\"flex-layout-v\">\n<div class=\"flex-layout-h magic-0\">\n<div class=\"magic-17\"><img decoding=\"async\" class=\"magic-18\" src=\"\/\/sc04.alicdn.com\/kf\/H9ba599e8ae9643138d917b4e41d6e48eZ\/223298606\/H9ba599e8ae9643138d917b4e41d6e48eZ.jpg\" data-id=\"child-image-0\" \/><\/div>\n<\/div>\n<\/div>\n<\/div>\n<\/div>\n<\/div>\n<div class=\"J_module\">\n<div class=\"icbu-pc-images magic-0\">\n<div>\n<div class=\"flex-layout-v\">\n<div class=\"flex-layout-h magic-0\">\n<div class=\"magic-17\"><img decoding=\"async\" class=\"magic-19\" src=\"\/\/sc04.alicdn.com\/kf\/Hfdda9f6c093846b995c00417eba8aedaq\/223298606\/Hfdda9f6c093846b995c00417eba8aedaq.jpg\" data-id=\"child-image-0\" \/><\/div>\n<\/div>\n<\/div>\n<\/div>\n<\/div>\n<\/div>\n<div class=\"J_module\">\n<div class=\"icbu-pc-images magic-0\">\n<div>\n<div class=\"flex-layout-v\">\n<div class=\"flex-layout-h magic-0\">\n<div class=\"magic-17\"><img decoding=\"async\" class=\"magic-19\" src=\"\/\/sc04.alicdn.com\/kf\/Hff3387799f33411abe900ba2c9affd99i\/223298606\/Hff3387799f33411abe900ba2c9affd99i.jpg\" data-id=\"child-image-0\" \/><\/div>\n<\/div>\n<\/div>\n<\/div>\n<\/div>\n<\/div>\n<div class=\"J_module\">\n<div class=\"icbu-pc-images magic-0\">\n<div>\n<div class=\"flex-layout-v\">\n<div class=\"flex-layout-h magic-0\">\n<div class=\"magic-17\"><img decoding=\"async\" class=\"magic-19\" src=\"\/\/sc04.alicdn.com\/kf\/H5da338236839419ea525f4afa2cce7c5k\/223298606\/H5da338236839419ea525f4afa2cce7c5k.jpg\" data-id=\"child-image-0\" \/><\/div>\n<\/div>\n<\/div>\n<\/div>\n<\/div>\n<\/div>\n<div class=\"J_module\">\n<div class=\"icbu-pc-images magic-0\">\n<div>\n<div class=\"flex-layout-v\">\n<div class=\"flex-layout-h magic-0\">\n<div class=\"magic-17\"><img decoding=\"async\" class=\"magic-19\" src=\"\/\/sc04.alicdn.com\/kf\/H6a341012c7ba473ea76c4f3adcbb9ee2k\/223298606\/H6a341012c7ba473ea76c4f3adcbb9ee2k.jpg\" data-id=\"child-image-0\" \/><\/div>\n<\/div>\n<\/div>\n<\/div>\n<\/div>\n<\/div>\n<div class=\"J_module\">\n<div class=\"detail-decorate-json-renderer-container\">\n<div class=\"magic-4\">\n<h3 class=\"magic-5\" data-id=\"title0\">Quilted Cotton Padding Coated Liner<\/h3>\n<div class=\"magic-6\">\n<div class=\"magic-7\">\n<div class=\"magic-8\" data-id=\"paragraph0\">High Visibility Quilted Bomber Jacket<\/div>\n<\/div>\n<\/div>\n<\/div>\n<\/div>\n<\/div>\n<div class=\"J_module\">\n<div class=\"icbu-pc-images magic-0\">\n<div>\n<div class=\"flex-layout-v\">\n<div class=\"flex-layout-h magic-0\">\n<div class=\"magic-17\"><img decoding=\"async\" class=\"magic-19\" src=\"\/\/sc04.alicdn.com\/kf\/H4fab7055ce5741feb72282beed2b18a3q\/223298606\/H4fab7055ce5741feb72282beed2b18a3q.jpg\" data-id=\"child-image-0\" \/><\/div>\n<\/div>\n<\/div>\n<\/div>\n<\/div>\n<\/div>\n<div class=\"J_module\">\n<div class=\"icbu-pc-images magic-0\">\n<div>\n<div class=\"flex-layout-v\">\n<div class=\"flex-layout-h magic-0\">\n<div class=\"magic-20\"><img decoding=\"async\" class=\"magic-21\" src=\"\/\/sc04.alicdn.com\/kf\/Hd4439aa57b7a4d31a939801807129463d\/223298606\/Hd4439aa57b7a4d31a939801807129463d.jpg\" data-id=\"child-image-0\" \/><\/div>\n<div class=\"magic-22\"><img decoding=\"async\" class=\"magic-23\" src=\"\/\/sc04.alicdn.com\/kf\/Hd4c916760d9e49b08fcc922525415575d\/223298606\/Hd4c916760d9e49b08fcc922525415575d.jpg\" data-id=\"child-image-1\" \/><\/div>\n<div class=\"magic-22\"><img decoding=\"async\" class=\"magic-21\" src=\"\/\/sc04.alicdn.com\/kf\/Hc37f06233ce84d489c7e9440bace8cb9g\/223298606\/Hc37f06233ce84d489c7e9440bace8cb9g.jpg\" data-id=\"child-image-2\" \/><\/div>\n<\/div>\n<\/div>\n<\/div>\n<\/div>\n<\/div>\n<div class=\"J_module\">\n<div id=\"ali-anchor-AliMagic-beqcho\" class=\"magic-3\" data-section=\"AliMagic-beqcho\" data-section-title=\"Certificates\">Certificates<\/div>\n<\/div>\n<div class=\"J_module\">\n<div class=\"icbu-pc-images magic-0\">\n<div>\n<div class=\"flex-layout-v\">\n<div class=\"flex-layout-h magic-0\">\n<div class=\"magic-24\"><img decoding=\"async\" class=\"magic-25\" src=\"\/\/sc04.alicdn.com\/kf\/H6e99cf08a4a44d2b8aaaa469a1037ac5o\/223298606\/H6e99cf08a4a44d2b8aaaa469a1037ac5o.jpg\" data-id=\"child-image-0\" \/><\/div>\n<\/div>\n<\/div>\n<\/div>\n<\/div>\n<\/div>\n<div class=\"J_module\">\n<div id=\"ali-anchor-AliMagic-3htaik\" class=\"magic-3\" data-section=\"AliMagic-3htaik\" data-section-title=\"Best Selling\">Best Selling<\/div>\n<\/div>\n<div class=\"J_module\">\n<div class=\"icbu-pc-detailSellerRecommend magic-26\" data-magic=\"{&quot;mds&quot;:{&quot;assetsVersion&quot;:&quot;0.0.14&quot;,&quot;assetsPackageName&quot;:&quot;icbumod&quot;,&quot;moduleNameAlias&quot;:&quot;icbu-pc-detailSellerRecommend&quot;,&quot;moduleData&quot;:{&quot;config&quot;:{&quot;miniSiteUrl&quot;:&quot;https:\/\/wxchemfine.en.alibaba.com\/productgrouplist-828927137\/SAFETY_CLOTHES.html&quot;,&quot;columnCount&quot;:4,&quot;titleKey&quot;:6,&quot;url&quot;:&quot;https:\/\/wxchemfine.en.alibaba.com\/productgrouplist-828927137\/SAFETY_CLOTHES.html&quot;,&quot;products&quot;:[1600327086426,1600327165191,1600280372640,1600327147310,1600322127144,1600279582063,1600306810559,1600318847631,1600308193671,1600306975376,1600308326338]}}},&quot;version&quot;:1}\"><\/div>\n<\/div>\n<div class=\"J_module\"><\/div>\n<\/div>\n","protected":false},"excerpt":{"rendered":"<p>&nbsp; Descripci\u00f3n del Producto Chaqueta Bomber de Alta Visibilidad EN ISO 20471 ANSI\/ISEA Clase 3 Chaqueta Bomber acolchada de alta visibilidad en color lima. Esta chaqueta bomber est\u00e1 dise\u00f1ada para ofrecer una alta visibilidad y seguridad en condiciones de baja luminosidad. Cumple con las normativas EN ISO 20471 y ANSI\/ISEA Clase 3, lo que garantiza [&hellip;]<\/p>\n","protected":false},"featured_media":549,"comment_status":"open","ping_status":"closed","template":"","meta":[],"product_cat":[22],"product_tag":[],"class_list":{"0":"post-69","1":"product","2":"type-product","3":"status-publish","4":"has-post-thumbnail","6":"product_cat-chaquetas","8":"first","9":"instock","10":"shipping-taxable","11":"purchasable","12":"product-type-variable"},"_links":{"self":[{"href":"https:\/\/industrialsafetywear.ca\/es\/wp-json\/wp\/v2\/product\/69"}],"collection":[{"href":"https:\/\/industrialsafetywear.ca\/es\/wp-json\/wp\/v2\/product"}],"about":[{"href":"https:\/\/industrialsafetywear.ca\/es\/wp-json\/wp\/v2\/types\/product"}],"replies":[{"embeddable":true,"href":"https:\/\/industrialsafetywear.ca\/es\/wp-json\/wp\/v2\/comments?post=69"}],"wp:featuredmedia":[{"embeddable":true,"href":"https:\/\/industrialsafetywear.ca\/es\/wp-json\/wp\/v2\/media\/549"}],"wp:attachment":[{"href":"https:\/\/industrialsafetywear.ca\/es\/wp-json\/wp\/v2\/media?parent=69"}],"wp:term":[{"taxonomy":"product_cat","embeddable":true,"href":"https:\/\/industrialsafetywear.ca\/es\/wp-json\/wp\/v2\/product_cat?post=69"},{"taxonomy":"product_tag","embeddable":true,"href":"https:\/\/industrialsafetywear.ca\/es\/wp-json\/wp\/v2\/product_tag?post=69"}],"curies":[{"name":"wp","href":"https:\/\/api.w.org\/{rel}","templated":true}]}}